{"id":466,"date":"2020-02-16T13:14:02","date_gmt":"2020-02-16T16:14:02","guid":{"rendered":"http:\/\/nacionalacessibilidade.com\/s\/?post_type=product&#038;p=466"},"modified":"2021-11-11T17:09:56","modified_gmt":"2021-11-11T20:09:56","slug":"mapas-tateis","status":"publish","type":"product","link":"https:\/\/nacionalacessibilidade.com\/s\/product\/mapas-tateis\/","title":{"rendered":"Mapas T\u00e1teis"},"content":{"rendered":"","protected":false},"excerpt":{"rendered":"<p>Mapas t\u00e1teis em qualquer tamanho, utilizado em ambientes internos, para localiza\u00e7\u00e3o e orienta\u00e7\u00e3o de deficientes visuais<\/p>\n","protected":false},"featured_media":468,"template":"","meta":[],"class_list":{"0":"post-466","1":"product","2":"type-product","3":"status-publish","4":"has-post-thumbnail","6":"product_cat-area-externa","7":"product_cat-area-interna","8":"product_cat-banheiro","9":"product_cat-piso-tatil","10":"product_cat-todos","12":"first","13":"instock","14":"shipping-taxable","15":"purchasable","16":"product-type-simple"},"_links":{"self":[{"href":"https:\/\/nacionalacessibilidade.com\/s\/wp-json\/wp\/v2\/product\/466","targetHints":{"allow":["GET"]}}],"collection":[{"href":"https:\/\/nacionalacessibilidade.com\/s\/wp-json\/wp\/v2\/product"}],"about":[{"href":"https:\/\/nacionalacessibilidade.com\/s\/wp-json\/wp\/v2\/types\/product"}],"wp:featuredmedia":[{"embeddable":true,"href":"https:\/\/nacionalacessibilidade.com\/s\/wp-json\/wp\/v2\/media\/468"}],"wp:attachment":[{"href":"https:\/\/nacionalacessibilidade.com\/s\/wp-json\/wp\/v2\/media?parent=466"}],"curies":[{"name":"wp","href":"https:\/\/api.w.org\/{rel}","templated":true}]}}