{"id":464,"date":"2020-02-16T13:12:38","date_gmt":"2020-02-16T16:12:38","guid":{"rendered":"http:\/\/nacionalacessibilidade.com\/s\/?post_type=product&#038;p=464"},"modified":"2021-11-11T17:10:22","modified_gmt":"2021-11-11T20:10:22","slug":"cola-de-contato-28kg","status":"publish","type":"product","link":"https:\/\/nacionalacessibilidade.com\/s\/product\/cola-de-contato-28kg\/","title":{"rendered":"Cola de Contato 2,8kg"},"content":{"rendered":"","protected":false},"excerpt":{"rendered":"<p>Cola de contato 2,8kg, utilizado para fixa\u00e7\u00e3o dos pisos t\u00e1teis.<\/p>\n","protected":false},"featured_media":465,"template":"","meta":[],"class_list":{"0":"post-464","1":"product","2":"type-product","3":"status-publish","4":"has-post-thumbnail","6":"product_cat-area-externa","7":"product_cat-area-interna","8":"product_cat-banheiro","9":"product_cat-piso-tatil","10":"product_cat-todos","12":"first","13":"instock","14":"shipping-taxable","15":"purchasable","16":"product-type-simple"},"_links":{"self":[{"href":"https:\/\/nacionalacessibilidade.com\/s\/wp-json\/wp\/v2\/product\/464","targetHints":{"allow":["GET"]}}],"collection":[{"href":"https:\/\/nacionalacessibilidade.com\/s\/wp-json\/wp\/v2\/product"}],"about":[{"href":"https:\/\/nacionalacessibilidade.com\/s\/wp-json\/wp\/v2\/types\/product"}],"wp:featuredmedia":[{"embeddable":true,"href":"https:\/\/nacionalacessibilidade.com\/s\/wp-json\/wp\/v2\/media\/465"}],"wp:attachment":[{"href":"https:\/\/nacionalacessibilidade.com\/s\/wp-json\/wp\/v2\/media?parent=464"}],"curies":[{"name":"wp","href":"https:\/\/api.w.org\/{rel}","templated":true}]}}