{"id":462,"date":"2020-02-16T13:11:48","date_gmt":"2020-02-16T16:11:48","guid":{"rendered":"http:\/\/nacionalacessibilidade.com\/s\/?post_type=product&#038;p=462"},"modified":"2021-11-11T17:10:51","modified_gmt":"2021-11-11T20:10:51","slug":"vedador-de-bordas-3m-76g","status":"publish","type":"product","link":"https:\/\/nacionalacessibilidade.com\/s\/product\/vedador-de-bordas-3m-76g\/","title":{"rendered":"Vedador de Bordas 3M 76g"},"content":{"rendered":"","protected":false},"excerpt":{"rendered":"<p>Vedador de bordas 3M 76g. Utilizado para fixa\u00e7\u00e3o de fitas anti-derrapantes, pisos t\u00e1teis, etc.<\/p>\n","protected":false},"featured_media":463,"template":"","meta":[],"class_list":{"0":"post-462","1":"product","2":"type-product","3":"status-publish","4":"has-post-thumbnail","6":"product_cat-area-externa","7":"product_cat-area-interna","8":"product_cat-piso-tatil","9":"product_cat-todos","11":"first","12":"instock","13":"shipping-taxable","14":"purchasable","15":"product-type-simple"},"_links":{"self":[{"href":"https:\/\/nacionalacessibilidade.com\/s\/wp-json\/wp\/v2\/product\/462","targetHints":{"allow":["GET"]}}],"collection":[{"href":"https:\/\/nacionalacessibilidade.com\/s\/wp-json\/wp\/v2\/product"}],"about":[{"href":"https:\/\/nacionalacessibilidade.com\/s\/wp-json\/wp\/v2\/types\/product"}],"wp:featuredmedia":[{"embeddable":true,"href":"https:\/\/nacionalacessibilidade.com\/s\/wp-json\/wp\/v2\/media\/463"}],"wp:attachment":[{"href":"https:\/\/nacionalacessibilidade.com\/s\/wp-json\/wp\/v2\/media?parent=462"}],"curies":[{"name":"wp","href":"https:\/\/api.w.org\/{rel}","templated":true}]}}