{"id":439,"date":"2020-02-16T13:03:17","date_gmt":"2020-02-16T16:03:17","guid":{"rendered":"http:\/\/nacionalacessibilidade.com\/s\/?post_type=product&#038;p=439"},"modified":"2021-11-11T17:14:15","modified_gmt":"2021-11-11T20:14:15","slug":"adesivo-aviso-cadeirante-para-veiculo-15x15-cm","status":"publish","type":"product","link":"https:\/\/nacionalacessibilidade.com\/s\/product\/adesivo-aviso-cadeirante-para-veiculo-15x15-cm\/","title":{"rendered":"Adesivo aviso cadeirante para ve\u00edculo 15&#215;15 cm"},"content":{"rendered":"","protected":false},"excerpt":{"rendered":"<p>Adesivo para identifica\u00e7\u00e3o de cadeirante, comumente usado em carros e \u00f4nibus, servem como indicador de necessidades especiais e autonomia para estacionamento destinado \u00e0 este p\u00fablico. Medida: 15&#215;15 cm Aplica\u00e7\u00e3o: Externa<\/p>\n","protected":false},"featured_media":440,"template":"","meta":[],"class_list":{"0":"post-439","1":"product","2":"type-product","3":"status-publish","4":"has-post-thumbnail","6":"product_cat-area-externa","7":"product_cat-todos","9":"first","10":"instock","11":"featured","12":"shipping-taxable","13":"purchasable","14":"product-type-simple"},"_links":{"self":[{"href":"https:\/\/nacionalacessibilidade.com\/s\/wp-json\/wp\/v2\/product\/439","targetHints":{"allow":["GET"]}}],"collection":[{"href":"https:\/\/nacionalacessibilidade.com\/s\/wp-json\/wp\/v2\/product"}],"about":[{"href":"https:\/\/nacionalacessibilidade.com\/s\/wp-json\/wp\/v2\/types\/product"}],"wp:featuredmedia":[{"embeddable":true,"href":"https:\/\/nacionalacessibilidade.com\/s\/wp-json\/wp\/v2\/media\/440"}],"wp:attachment":[{"href":"https:\/\/nacionalacessibilidade.com\/s\/wp-json\/wp\/v2\/media?parent=439"}],"curies":[{"name":"wp","href":"https:\/\/api.w.org\/{rel}","templated":true}]}}