{"id":304,"date":"2020-01-05T16:53:32","date_gmt":"2020-01-05T19:53:32","guid":{"rendered":"http:\/\/nacionalacessibilidade.com\/s\/?page_id=304"},"modified":"2025-05-28T12:29:51","modified_gmt":"2025-05-28T15:29:51","slug":"instalacao","status":"publish","type":"page","link":"https:\/\/nacionalacessibilidade.com\/s\/servicos\/instalacao\/","title":{"rendered":"Instala\u00e7\u00e3o"},"content":{"rendered":"\n<div class=\"wp-block-media-text alignwide\"><figure class=\"wp-block-media-text__media\"><img loading=\"lazy\" decoding=\"async\" width=\"600\" height=\"343\" src=\"http:\/\/nacionalacessibilidade.com\/s\/wp-content\/uploads\/2020\/01\/medium_9adebe44-aeaf-4576-a5c4-9fd9b7ee66cd.jpg\" alt=\"\" class=\"wp-image-310 size-full\" srcset=\"https:\/\/nacionalacessibilidade.com\/s\/wp-content\/uploads\/2020\/01\/medium_9adebe44-aeaf-4576-a5c4-9fd9b7ee66cd.jpg 600w, https:\/\/nacionalacessibilidade.com\/s\/wp-content\/uploads\/2020\/01\/medium_9adebe44-aeaf-4576-a5c4-9fd9b7ee66cd-300x172.jpg 300w\" sizes=\"auto, (max-width: 600px) 100vw, 600px\" \/><\/figure><div class=\"wp-block-media-text__content\">\n<p class=\"has-text-align-right\">Executamos a instala\u00e7\u00e3o de todos os produtos em nosso catalogo.<\/p>\n\n\n\n<p class=\"has-text-align-right\">Oferecemos solu\u00e7\u00f5es completas de acordo com as demandas de nossos clientes, sendo assim sua empresa n\u00e3o precisa se preocupar em contratar outra empresa para fazer este servi\u00e7o.<\/p>\n<\/div><\/div>\n\n\n\n<p><\/p>\n\n\n\n<div class=\"wp-block-button is-style-outline aligncenter is-style-outline--1\"><a class=\"wp-block-button__link has-text-color has-background wp-element-button\" href=\"https:\/\/api.whatsapp.com\/send\/?phone=5547997726568&amp;text&amp;type=phone_number&amp;app_absent=0\" style=\"border-radius:50px;color:#ffffff;background-color:#428526\">Solicitar Or\u00e7amento<\/a><\/div>\n\n\n\n<p><\/p>\n","protected":false},"excerpt":{"rendered":"<p>Executamos a instala\u00e7\u00e3o de todos os produtos em nosso catalogo. Oferecemos solu\u00e7\u00f5es completas de acordo com as demandas de nossos clientes, sendo assim sua empresa n\u00e3o precisa se preocupar em contratar outra empresa para fazer este servi\u00e7o.<\/p>\n","protected":false},"author":1,"featured_media":0,"parent":281,"menu_order":0,"comment_status":"closed","ping_status":"closed","template":"","meta":{"footnotes":""},"class_list":["post-304","page","type-page","status-publish","hentry"],"_links":{"self":[{"href":"https:\/\/nacionalacessibilidade.com\/s\/wp-json\/wp\/v2\/pages\/304","targetHints":{"allow":["GET"]}}],"collection":[{"href":"https:\/\/nacionalacessibilidade.com\/s\/wp-json\/wp\/v2\/pages"}],"about":[{"href":"https:\/\/nacionalacessibilidade.com\/s\/wp-json\/wp\/v2\/types\/page"}],"author":[{"embeddable":true,"href":"https:\/\/nacionalacessibilidade.com\/s\/wp-json\/wp\/v2\/users\/1"}],"replies":[{"embeddable":true,"href":"https:\/\/nacionalacessibilidade.com\/s\/wp-json\/wp\/v2\/comments?post=304"}],"version-history":[{"count":5,"href":"https:\/\/nacionalacessibilidade.com\/s\/wp-json\/wp\/v2\/pages\/304\/revisions"}],"predecessor-version":[{"id":4628,"href":"https:\/\/nacionalacessibilidade.com\/s\/wp-json\/wp\/v2\/pages\/304\/revisions\/4628"}],"up":[{"embeddable":true,"href":"https:\/\/nacionalacessibilidade.com\/s\/wp-json\/wp\/v2\/pages\/281"}],"wp:attachment":[{"href":"https:\/\/nacionalacessibilidade.com\/s\/wp-json\/wp\/v2\/media?parent=304"}],"curies":[{"name":"wp","href":"https:\/\/api.w.org\/{rel}","templated":true}]}}