{"id":285,"date":"2020-01-05T16:28:45","date_gmt":"2020-01-05T19:28:45","guid":{"rendered":"http:\/\/nacionalacessibilidade.com\/s\/?page_id=285"},"modified":"2020-01-27T21:58:51","modified_gmt":"2020-01-28T00:58:51","slug":"quem-somos","status":"publish","type":"page","link":"https:\/\/nacionalacessibilidade.com\/s\/quem-somos\/","title":{"rendered":"Quem somos"},"content":{"rendered":"\n<p>N\u00f3s da Nacional Acessibilidade trabalhamos com determina\u00e7\u00e3o para tornar o mundo mais acess\u00edvel para pessoas com necessidades especiais. Nossa empresa nasceu atrav\u00e9s da percep\u00e7\u00e3o da necessidade em oferecer um bom servi\u00e7o de uma forma respons\u00e1vel e por meio de uma equipe capacitada e especializada, que tem como foco a garantia de uma experi\u00eancia satisfat\u00f3ria. Atendemos empresas, escolas, universidades, shopping, centros comerciais, condom\u00ednios residenciais e demais ambientes de uso empresarial e comercial bem como empresas p\u00fablicas. Fornecemos itens que v\u00e3o desde Piso T\u00e1til, passando por sinalizadores visuais de degrau, anel de corrim\u00e3o, alarme Audiovisual, barras de apoio e todos os itens necess\u00e1rios para adequa\u00e7\u00e3o \u00e0 NBR9050. Temos uma linha completa de sinaliza\u00e7\u00e3o t\u00e1til, como placa para corrim\u00e3o, placas em braile, mapa t\u00e1til e demais itens em braile.<\/p>\n\n\n\n<p>Oferecemos aos\nnossos clientes e parceiros muito mais do que apenas produtos ou servi\u00e7os,\nnosso prop\u00f3sito \u00e9 encontrar solu\u00e7\u00f5es para eliminar qualquer tipo de \u201cproblema\u201d.\nPara isso nossos especialistas agem de acordo com a NBR 9050 e a Lei N\u00ba 10.098,\nDE 19 DE DEZEMBRO DE 2000.<\/p>\n\n\n\n<p><strong>O que \u00e9 a NBR 9050?<\/strong>&nbsp;<\/p>\n\n\n\n<p>A NBR 9050 \u00e9\numa&nbsp;norma reguladora, criada pela&nbsp;<strong>Associa\u00e7\u00e3o Brasileira de Normas\nT\u00e9cnicas (ABNT)<\/strong>, que define os aspectos de acessibilidade que devem ser\nobservados nas constru\u00e7\u00f5es urbanas. Nela, \u00e9 poss\u00edvel encontrar par\u00e2metros\nt\u00e9cnicos que auxiliam a tornar determinada obra mais acess\u00edvel, tanto no\nmomento da constru\u00e7\u00e3o como na reforma, com observa\u00e7\u00f5es pertinentes sobre\nmobili\u00e1rios, sinaliza\u00e7\u00e3o, tipos de piso, tamanho dos c\u00f4modos, etc.<\/p>\n\n\n\n<p>Algumas\ndas&nbsp;orienta\u00e7\u00f5es&nbsp;da NBR 9050 dizem respeito \u00e0:&nbsp;sinaliza\u00e7\u00e3o horizontal\ne vertical, tamanho dos banheiros, caracter\u00edsticas dos pisos, espa\u00e7o de\ncircula\u00e7\u00e3o adequado para uma cadeira de rodas, informa\u00e7\u00f5es em braile,\nestacionamentos acess\u00edveis, rampas de acesso e etc.&nbsp;<\/p>\n\n\n\n<p><strong>Import\u00e2ncia:<\/strong>&nbsp;<\/p>\n\n\n\n<p>A NBR 9050 \u00e9\nextremamente importante no sentido de incluir uma parcela significativa da\npopula\u00e7\u00e3o, oferecendo a essas pessoas maior facilidade de mobilidade, de\nqualidade de vida e de acesso \u00e0 servi\u00e7os b\u00e1sicos, como nos casos dos pr\u00e9dios\np\u00fablicos adaptados.<\/p>\n\n\n\n<p>De acordo com\nos&nbsp;dados&nbsp;do IBGE, 45,6 milh\u00f5es de brasileiros possuem algum tipo de\ndefici\u00eancia, um percentual de 23,91% da nossa popula\u00e7\u00e3o. Apesar disso, a\nacessibilidade ainda \u00e9 um tema distante da realidade de muitas dessas pessoas\ncom dificuldades b\u00e1sicas como o direito de ir e vir, gra\u00e7as \u00e0s in\u00fameras\nbarreiras encontradas em nossas cidades.<\/p>\n\n\n\n<p>Al\u00e9m dos\ndeficientes, as altera\u00e7\u00f5es construtivas propostas pela NBR 9050 tamb\u00e9m visam\ntornar mais simples o dia a dia de pessoas com mobilidade reduzida, como idosos\ne gestantes.<\/p>\n\n\n\n<p><strong>A&nbsp;Lei n\u00ba<\/strong>&nbsp;<strong>10.098<\/strong>&nbsp;foi criada para estabelecer normais e crit\u00e9rios\nb\u00e1sicos para a promo\u00e7\u00e3o da acessibilidade para portadores de defici\u00eancia e\npessoas com mobilidade reduzida. Ela determina, primordialmente, a remo\u00e7\u00e3o de\nbarreiras e obst\u00e1culos em vias, espa\u00e7os p\u00fablicos e edifica\u00e7\u00f5es.<\/p>\n\n\n\n<p><strong>O que \u00e9 acessibilidade?<\/strong>&nbsp;A Lei de Acessibilidade define\no termo como a \u201cpossibilidade e condi\u00e7\u00e3o de alcance para&nbsp;utiliza\u00e7\u00e3o, com\nseguran\u00e7a e autonomia,&nbsp;dos espa\u00e7os, mobili\u00e1rios e equipamentos urbanos,\ndas edifica\u00e7\u00f5es, dos transportes e dos sistemas e meios de comunica\u00e7\u00e3o, por\npessoa portadora de defici\u00eancia ou com mobilidade reduzida\u201d.<\/p>\n\n\n\n<p><strong>O que s\u00e3o barreiras?<\/strong>&nbsp;A Lei de Acessibilidade considera como\nbarreira qualquer obst\u00e1culo que&nbsp;impe\u00e7a ou limite a movimenta\u00e7\u00e3o&nbsp;em\nseguran\u00e7a das pessoas. Ela ainda classifica as barreiras em quatro\ncategorias:&nbsp;<\/p>\n\n\n\n<p>\u2013 Arquitet\u00f4nicas\nurban\u00edsticas:&nbsp;existentes nos espa\u00e7os p\u00fablicos;<\/p>\n\n\n\n<p>\u2013 Arquitet\u00f4nicas na\nedifica\u00e7\u00e3o:&nbsp;encontradas dentro de edif\u00edcios, sejam eles p\u00fablicos ou\nprivados;<\/p>\n\n\n\n<p>\u2013 Arquitet\u00f4nicas\nnos transportes:&nbsp;verificadas nos meios de transporte;<\/p>\n\n\n\n<p>\u2013 Nas\ncomunica\u00e7\u00f5es:&nbsp;seriam os obst\u00e1culos que dificultam a troca de mensagens\npelos meios de comunica\u00e7\u00e3o.<\/p>\n\n\n\n<p>Al\u00e9m de concretizar o direito de ir e vir e prover dignidade \u00e0s pessoas, a NBR 9050 ainda garante integridade f\u00edsica e seguran\u00e7a aos indiv\u00edduos portadores de necessidades especiais ou com mobilidade reduzida, para que eles usufruam de ambientes que s\u00e3o frequentados por pessoas sem qualquer limita\u00e7\u00e3o.<\/p>\n\n\n\n<p>Com essa pol\u00edtica de sinaliza\u00e7\u00e3o em acessibilidade, promove-se, ainda, a diversidade humana e se reduz a segrega\u00e7\u00e3o de pessoas, o que possibilita uma maior conscientiza\u00e7\u00e3o da sociedade para a erradica\u00e7\u00e3o do preconceito e da desigualdade social<\/p>\n\n\n\n<p>Com esta vis\u00e3o, a Nacional Acessibilidade\n&#8220;Trabalha na constru\u00e7\u00e3o de um mundo com maiores possibilidades&#8221;.<\/p>\n","protected":false},"excerpt":{"rendered":"<p>N\u00f3s da Nacional Acessibilidade trabalhamos com determina\u00e7\u00e3o para tornar o mundo mais acess\u00edvel para pessoas com necessidades especiais. Nossa empresa nasceu atrav\u00e9s da percep\u00e7\u00e3o da necessidade em oferecer um bom servi\u00e7o de uma forma respons\u00e1vel e por meio de uma equipe capacitada e especializada, que tem como foco a garantia de uma experi\u00eancia satisfat\u00f3ria. Atendemos [&hellip;]<\/p>\n","protected":false},"author":1,"featured_media":0,"parent":0,"menu_order":0,"comment_status":"closed","ping_status":"closed","template":"","meta":{"footnotes":""},"class_list":["post-285","page","type-page","status-publish","hentry"],"_links":{"self":[{"href":"https:\/\/nacionalacessibilidade.com\/s\/wp-json\/wp\/v2\/pages\/285","targetHints":{"allow":["GET"]}}],"collection":[{"href":"https:\/\/nacionalacessibilidade.com\/s\/wp-json\/wp\/v2\/pages"}],"about":[{"href":"https:\/\/nacionalacessibilidade.com\/s\/wp-json\/wp\/v2\/types\/page"}],"author":[{"embeddable":true,"href":"https:\/\/nacionalacessibilidade.com\/s\/wp-json\/wp\/v2\/users\/1"}],"replies":[{"embeddable":true,"href":"https:\/\/nacionalacessibilidade.com\/s\/wp-json\/wp\/v2\/comments?post=285"}],"version-history":[{"count":3,"href":"https:\/\/nacionalacessibilidade.com\/s\/wp-json\/wp\/v2\/pages\/285\/revisions"}],"predecessor-version":[{"id":431,"href":"https:\/\/nacionalacessibilidade.com\/s\/wp-json\/wp\/v2\/pages\/285\/revisions\/431"}],"wp:attachment":[{"href":"https:\/\/nacionalacessibilidade.com\/s\/wp-json\/wp\/v2\/media?parent=285"}],"curies":[{"name":"wp","href":"https:\/\/api.w.org\/{rel}","templated":true}]}}